{"id":410,"date":"2017-11-20T15:05:36","date_gmt":"2017-11-20T09:20:36","guid":{"rendered":"https:\/\/raratheme.com\/preview\/travel-agency-pro\/about-us\/"},"modified":"2024-03-17T20:02:37","modified_gmt":"2024-03-18T02:02:37","slug":"about-us","status":"publish","type":"page","link":"https:\/\/magictravelpuebla.com\/index.php\/about-us\/","title":{"rendered":"Sobre Nosotros"},"content":{"rendered":"\t\t<div data-elementor-type=\"wp-page\" data-elementor-id=\"410\" class=\"elementor elementor-410\">\n\t\t\t\t<div class=\"elementor-element elementor-element-b4ab056 e-flex e-con-boxed e-con e-parent\" data-id=\"b4ab056\" data-element_type=\"container\" data-e-type=\"container\">\n\t\t\t\t\t<div class=\"e-con-inner\">\n\t\t<div class=\"elementor-element elementor-element-dc88aca e-con-full e-flex e-con e-child\" data-id=\"dc88aca\" data-element_type=\"container\" data-e-type=\"container\">\n\t\t\t\t<div class=\"elementor-element elementor-element-e938ab1 elementor-widget elementor-widget-heading\" data-id=\"e938ab1\" data-element_type=\"widget\" data-e-type=\"widget\" data-widget_type=\"heading.default\">\n\t\t\t\t<div class=\"elementor-widget-container\">\n\t\t\t\t\t<h2 class=\"elementor-heading-title elementor-size-default\"><h1 style=\"font-family: var(--secondary-font)\">SOBRE NOSOTROS<\/h1><\/h2>\t\t\t\t<\/div>\n\t\t\t\t<\/div>\n\t\t\t\t<\/div>\n\t\t<div class=\"elementor-element elementor-element-0b9116c e-con-full e-flex e-con e-child\" data-id=\"0b9116c\" data-element_type=\"container\" data-e-type=\"container\">\n\t\t\t\t<div class=\"elementor-element elementor-element-70bc005 elementor-widget elementor-widget-image\" data-id=\"70bc005\" data-element_type=\"widget\" data-e-type=\"widget\" data-widget_type=\"image.default\">\n\t\t\t\t<div class=\"elementor-widget-container\">\n\t\t\t\t\t\t\t\t\t\t\t\t\t\t\t<img decoding=\"async\" width=\"148\" height=\"134\" src=\"https:\/\/magictravelpuebla.com\/wp-content\/uploads\/2024\/03\/IMG_9972-1.png\" class=\"attachment-large size-large wp-image-1739\" alt=\"Magic Travel Puebla Logo\" srcset=\"https:\/\/magictravelpuebla.com\/wp-content\/uploads\/2024\/03\/IMG_9972-1.png 148w, https:\/\/magictravelpuebla.com\/wp-content\/uploads\/2024\/03\/IMG_9972-1-66x60.png 66w\" sizes=\"(max-width: 148px) 100vw, 148px\" \/>\t\t\t\t\t\t\t\t\t\t\t\t\t\t\t<\/div>\n\t\t\t\t<\/div>\n\t\t\t\t<\/div>\n\t\t\t\t\t<\/div>\n\t\t\t\t<\/div>\n\t\t<div class=\"elementor-element elementor-element-1838279b e-flex e-con-boxed e-con e-parent\" data-id=\"1838279b\" data-element_type=\"container\" data-e-type=\"container\">\n\t\t\t\t\t<div class=\"e-con-inner\">\n\t\t\t\t<div class=\"elementor-element elementor-element-dd8a084 elementor-widget elementor-widget-text-editor\" data-id=\"dd8a084\" data-element_type=\"widget\" data-e-type=\"widget\" data-widget_type=\"text-editor.default\">\n\t\t\t\t<div class=\"elementor-widget-container\">\n\t\t\t\t\t\t\t\t\t\n\n\n<p>En Magic Travel Puebla, nos enorgullece ser tu principal fuente de confianza en la industria del turismo. Nuestro compromiso se centra en ofrecerte una experiencia inolvidable, destacando por nuestra dedicaci\u00f3n a la excelencia en el servicio y la satisfacci\u00f3n del cliente.<\/p>\n<p>Desde la hist\u00f3rica ciudad de Puebla, considerada Patrimonio de la Humanidad por la UNESCO, nos apasiona llevarte a descubrir la riqueza cultural, la belleza natural y la diversidad \u00fanica que ofrece M\u00e9xico.<\/p>\n<p>Nuestro equipo est\u00e1 comprometido a brindarte atenci\u00f3n personalizada y a dise\u00f1ar itinerarios que se adapten perfectamente a tus intereses y preferencias. Ya sea que sue\u00f1es con explorar antiguas ruinas arqueol\u00f3gicas, relajarte en playas paradis\u00edacas o saborear la aut\u00e9ntica gastronom\u00eda mexicana, estamos aqu\u00ed para hacer realidad tus deseos de viaje.<\/p>\n<p>\u00a1\u00danete a nosotros en esta emocionante aventura y permite que Magic Travel Puebla sea tu gu\u00eda experta hacia descubrimientos inolvidables! Estamos aqu\u00ed para hacer de cada paso de tu viaje una experiencia m\u00e1gica y memorable.<\/p>\n\t\t\t\t\t\t\t\t<\/div>\n\t\t\t\t<\/div>\n\t\t\t\t\t<\/div>\n\t\t\t\t<\/div>\n\t\t\t\t<\/div>\n\t\t","protected":false},"excerpt":{"rendered":"<p>SOBRE NOSOTROS En Magic Travel Puebla, nos enorgullece ser tu principal fuente de confianza en la industria del turismo. Nuestro compromiso se centra en ofrecerte una experiencia inolvidable, destacando por nuestra dedicaci\u00f3n a la excelencia en el servicio y la satisfacci\u00f3n del cliente. Desde la &hellip; <\/p>\n","protected":false},"author":1,"featured_media":58,"parent":0,"menu_order":0,"comment_status":"closed","ping_status":"closed","template":"","meta":{"footnotes":""},"class_list":["post-410","page","type-page","status-publish","has-post-thumbnail","hentry"],"aioseo_notices":[],"_links":{"self":[{"href":"https:\/\/magictravelpuebla.com\/index.php\/wp-json\/wp\/v2\/pages\/410","targetHints":{"allow":["GET"]}}],"collection":[{"href":"https:\/\/magictravelpuebla.com\/index.php\/wp-json\/wp\/v2\/pages"}],"about":[{"href":"https:\/\/magictravelpuebla.com\/index.php\/wp-json\/wp\/v2\/types\/page"}],"author":[{"embeddable":true,"href":"https:\/\/magictravelpuebla.com\/index.php\/wp-json\/wp\/v2\/users\/1"}],"replies":[{"embeddable":true,"href":"https:\/\/magictravelpuebla.com\/index.php\/wp-json\/wp\/v2\/comments?post=410"}],"version-history":[{"count":13,"href":"https:\/\/magictravelpuebla.com\/index.php\/wp-json\/wp\/v2\/pages\/410\/revisions"}],"predecessor-version":[{"id":2091,"href":"https:\/\/magictravelpuebla.com\/index.php\/wp-json\/wp\/v2\/pages\/410\/revisions\/2091"}],"wp:featuredmedia":[{"embeddable":true,"href":"https:\/\/magictravelpuebla.com\/index.php\/wp-json\/wp\/v2\/menu-items\/58"}],"wp:attachment":[{"href":"https:\/\/magictravelpuebla.com\/index.php\/wp-json\/wp\/v2\/media?parent=410"}],"curies":[{"name":"wp","href":"https:\/\/api.w.org\/{rel}","templated":true}]}}