{"id":158,"date":"2017-11-13T05:42:26","date_gmt":"2017-11-13T05:42:26","guid":{"rendered":"https:\/\/raratheme.com\/preview\/travel-agency-pro\/?page_id=158"},"modified":"2024-03-17T20:05:17","modified_gmt":"2024-03-18T02:05:17","slug":"trip-types-2","status":"publish","type":"page","link":"https:\/\/magictravelpuebla.com\/index.php\/trip-types-2\/","title":{"rendered":"Nuestros Tipos de Viaje"},"content":{"rendered":"<p>\u00a1Descubre tu viaje ideal con nuestra selecci\u00f3n en Tipos de Viaje&#8221;! Desde aventuras playeras relajantes hasta inmersiones culturales en destinos hist\u00f3ricos, cada tipo de viaje est\u00e1 dise\u00f1ado para satisfacer tus deseos y necesidades de viaje \u00fanicos. Explora nuestras opciones para viajeros activos, amantes de la historia, buscadores de relajaci\u00f3n y m\u00e1s. \u00a1Encuentra el viaje perfecto que te llevar\u00e1 a vivir experiencias memorables en cada destino!<\/p>\n","protected":false},"excerpt":{"rendered":"<p>\u00a1Descubre tu viaje ideal con nuestra selecci\u00f3n en Tipos de Viaje&#8221;! Desde aventuras playeras relajantes hasta inmersiones culturales en destinos hist\u00f3ricos, cada tipo de viaje est\u00e1 dise\u00f1ado para satisfacer tus deseos y necesidades de viaje \u00fanicos. Explora nuestras opciones para viajeros activos, amantes de la &hellip; <\/p>\n","protected":false},"author":1,"featured_media":2114,"parent":0,"menu_order":0,"comment_status":"closed","ping_status":"closed","template":"templates\/template-trip_types.php","meta":{"footnotes":""},"class_list":["post-158","page","type-page","status-publish","has-post-thumbnail","hentry"],"aioseo_notices":[],"_links":{"self":[{"href":"https:\/\/magictravelpuebla.com\/index.php\/wp-json\/wp\/v2\/pages\/158","targetHints":{"allow":["GET"]}}],"collection":[{"href":"https:\/\/magictravelpuebla.com\/index.php\/wp-json\/wp\/v2\/pages"}],"about":[{"href":"https:\/\/magictravelpuebla.com\/index.php\/wp-json\/wp\/v2\/types\/page"}],"author":[{"embeddable":true,"href":"https:\/\/magictravelpuebla.com\/index.php\/wp-json\/wp\/v2\/users\/1"}],"replies":[{"embeddable":true,"href":"https:\/\/magictravelpuebla.com\/index.php\/wp-json\/wp\/v2\/comments?post=158"}],"version-history":[{"count":4,"href":"https:\/\/magictravelpuebla.com\/index.php\/wp-json\/wp\/v2\/pages\/158\/revisions"}],"predecessor-version":[{"id":2074,"href":"https:\/\/magictravelpuebla.com\/index.php\/wp-json\/wp\/v2\/pages\/158\/revisions\/2074"}],"wp:featuredmedia":[{"embeddable":true,"href":"https:\/\/magictravelpuebla.com\/index.php\/wp-json\/wp\/v2\/media\/2114"}],"wp:attachment":[{"href":"https:\/\/magictravelpuebla.com\/index.php\/wp-json\/wp\/v2\/media?parent=158"}],"curies":[{"name":"wp","href":"https:\/\/api.w.org\/{rel}","templated":true}]}}