{"id":12,"date":"2024-03-12T23:14:21","date_gmt":"2024-03-12T22:14:21","guid":{"rendered":"https:\/\/magictravelpuebla.com\/index.php\/activities\/"},"modified":"2024-03-17T20:11:33","modified_gmt":"2024-03-18T02:11:33","slug":"activities","status":"publish","type":"page","link":"https:\/\/magictravelpuebla.com\/index.php\/activities\/","title":{"rendered":"Nuestras Actividades"},"content":{"rendered":"\n<p>\u00a1Prep\u00e1rate para la aventura con nuestra incre\u00edble variedad de actividades en la secci\u00f3n \u201cActividades\u201d! Desde emocionantes d\u00edas en la playa hasta fascinantes recorridos culturales por museos y experiencias en plena naturaleza, cada actividad est\u00e1 dise\u00f1ada para enriquecer tu viaje y crear recuerdos inolvidables. Sum\u00e9rgete en nuevas experiencias, despierta tus sentidos y vive cada momento al m\u00e1ximo con nuestras emocionantes opciones. \u00a1Explora, descubre y disfruta con nosotros en cada paso del camino!<\/p>\n","protected":false},"excerpt":{"rendered":"<p>\u00a1Prep\u00e1rate para la aventura con nuestra incre\u00edble variedad de actividades en la secci\u00f3n \u201cActividades\u201d! Desde emocionantes d\u00edas en la playa hasta fascinantes recorridos culturales por museos y experiencias en plena naturaleza, cada actividad est\u00e1 dise\u00f1ada para enriquecer tu viaje y crear recuerdos inolvidables. Sum\u00e9rgete en &hellip; <\/p>\n","protected":false},"author":1,"featured_media":2122,"parent":0,"menu_order":0,"comment_status":"closed","ping_status":"closed","template":"templates\/template-activities.php","meta":{"footnotes":""},"class_list":["post-12","page","type-page","status-publish","has-post-thumbnail","hentry"],"aioseo_notices":[],"_links":{"self":[{"href":"https:\/\/magictravelpuebla.com\/index.php\/wp-json\/wp\/v2\/pages\/12","targetHints":{"allow":["GET"]}}],"collection":[{"href":"https:\/\/magictravelpuebla.com\/index.php\/wp-json\/wp\/v2\/pages"}],"about":[{"href":"https:\/\/magictravelpuebla.com\/index.php\/wp-json\/wp\/v2\/types\/page"}],"author":[{"embeddable":true,"href":"https:\/\/magictravelpuebla.com\/index.php\/wp-json\/wp\/v2\/users\/1"}],"replies":[{"embeddable":true,"href":"https:\/\/magictravelpuebla.com\/index.php\/wp-json\/wp\/v2\/comments?post=12"}],"version-history":[{"count":2,"href":"https:\/\/magictravelpuebla.com\/index.php\/wp-json\/wp\/v2\/pages\/12\/revisions"}],"predecessor-version":[{"id":2063,"href":"https:\/\/magictravelpuebla.com\/index.php\/wp-json\/wp\/v2\/pages\/12\/revisions\/2063"}],"wp:featuredmedia":[{"embeddable":true,"href":"https:\/\/magictravelpuebla.com\/index.php\/wp-json\/wp\/v2\/media\/2122"}],"wp:attachment":[{"href":"https:\/\/magictravelpuebla.com\/index.php\/wp-json\/wp\/v2\/media?parent=12"}],"curies":[{"name":"wp","href":"https:\/\/api.w.org\/{rel}","templated":true}]}}