{"id":11,"date":"2024-03-12T23:14:21","date_gmt":"2024-03-12T22:14:21","guid":{"rendered":"https:\/\/magictravelpuebla.com\/index.php\/destination\/"},"modified":"2024-03-17T17:05:14","modified_gmt":"2024-03-17T23:05:14","slug":"destination","status":"publish","type":"page","link":"https:\/\/magictravelpuebla.com\/index.php\/destination\/","title":{"rendered":"Nuestros Destinos"},"content":{"rendered":"\n<p><style>\/*! elementor - v3.20.0 - 13-03-2024 *\/<br \/>\n.elementor-widget-image{text-align:center}.elementor-widget-image a{display:inline-block}.elementor-widget-image a img[src$=\".svg\"]{width:48px}.elementor-widget-image img{vertical-align:middle;display:inline-block}<\/style><\/p>\n\n\n\n<figure class=\"wp-block-image\"><img decoding=\"async\" src=\"https:\/\/magictravelpuebla.com\/wp-content\/uploads\/2024\/03\/hidalgo-3629494_1280-1024x682.jpg\" alt=\"Hidalgo, M\u00e9xico\"\/><\/figure>\n\n\n\n<p>\u00a1Descubre los destinos m\u00e1s fascinantes con nuestra exclusiva selecci\u00f3n! Desde playas paradis\u00edacas ba\u00f1adas por el sol hasta museos llenos de historia y naturaleza exuberante, cada destino que ofrecemos est\u00e1 cuidadosamente seleccionado para garantizar una experiencia de viaje inolvidable. Explora nuevos horizontes, sum\u00e9rgete en culturas vibrantes y d\u00e9jate inspirar por la belleza del mundo que te rodea. \u00a1Viaja con nosotros y vive aventuras que te dejar\u00e1n sin aliento en cada paso del camino!<\/p>\n","protected":false},"excerpt":{"rendered":"<p>\u00a1Descubre los destinos m\u00e1s fascinantes con nuestra exclusiva selecci\u00f3n! Desde playas paradis\u00edacas ba\u00f1adas por el sol hasta museos llenos de historia y naturaleza exuberante, cada destino que ofrecemos est\u00e1 cuidadosamente seleccionado para garantizar una experiencia de viaje inolvidable. Explora nuevos horizontes, sum\u00e9rgete en culturas vibrantes &hellip; <\/p>\n","protected":false},"author":1,"featured_media":0,"parent":0,"menu_order":0,"comment_status":"closed","ping_status":"closed","template":"templates\/template-destination.php","meta":{"footnotes":""},"class_list":["post-11","page","type-page","status-publish","hentry"],"aioseo_notices":[],"_links":{"self":[{"href":"https:\/\/magictravelpuebla.com\/index.php\/wp-json\/wp\/v2\/pages\/11","targetHints":{"allow":["GET"]}}],"collection":[{"href":"https:\/\/magictravelpuebla.com\/index.php\/wp-json\/wp\/v2\/pages"}],"about":[{"href":"https:\/\/magictravelpuebla.com\/index.php\/wp-json\/wp\/v2\/types\/page"}],"author":[{"embeddable":true,"href":"https:\/\/magictravelpuebla.com\/index.php\/wp-json\/wp\/v2\/users\/1"}],"replies":[{"embeddable":true,"href":"https:\/\/magictravelpuebla.com\/index.php\/wp-json\/wp\/v2\/comments?post=11"}],"version-history":[{"count":7,"href":"https:\/\/magictravelpuebla.com\/index.php\/wp-json\/wp\/v2\/pages\/11\/revisions"}],"predecessor-version":[{"id":2050,"href":"https:\/\/magictravelpuebla.com\/index.php\/wp-json\/wp\/v2\/pages\/11\/revisions\/2050"}],"wp:attachment":[{"href":"https:\/\/magictravelpuebla.com\/index.php\/wp-json\/wp\/v2\/media?parent=11"}],"curies":[{"name":"wp","href":"https:\/\/api.w.org\/{rel}","templated":true}]}}